
{"id":2920,"date":"2022-11-07T13:47:26","date_gmt":"2022-11-07T12:47:26","guid":{"rendered":"https:\/\/domaineduhaou.fr\/?page_id=2920"},"modified":"2025-05-13T18:14:29","modified_gmt":"2025-05-13T16:14:29","slug":"le-cadre","status":"publish","type":"page","link":"https:\/\/domaineduhaou.fr\/en\/le-cadre\/","title":{"rendered":"Our environment"},"content":{"rendered":"<div data-elementor-type=\"wp-page\" data-elementor-id=\"2920\" class=\"elementor elementor-2920\">\n\t\t\t\t\t\t<section class=\"elementor-section elementor-top-section elementor-element elementor-element-65b98f2 elementor-section-full_width elementor-section-stretched elementor-section-height-default elementor-section-height-default\" data-id=\"65b98f2\" data-element_type=\"section\" data-settings=\"{&quot;stretch_section&quot;:&quot;section-stretched&quot;,&quot;background_background&quot;:&quot;classic&quot;,&quot;hoteller_ext_is_background_parallax&quot;:&quot;false&quot;,&quot;hoteller_ext_is_background_on_scroll&quot;:&quot;false&quot;}\">\n\t\t\t\t\t\t<div class=\"elementor-container elementor-column-gap-default\">\n\t\t\t\t\t<div class=\"elementor-column elementor-col-100 elementor-top-column elementor-element elementor-element-da4ce24\" data-id=\"da4ce24\" data-element_type=\"column\" data-settings=\"{&quot;hoteller_ext_link_sidemenu&quot;:&quot;false&quot;,&quot;hoteller_ext_link_fullmenu&quot;:&quot;false&quot;,&quot;hoteller_ext_link_closed_fullmenu&quot;:&quot;false&quot;,&quot;hoteller_ext_is_scrollme&quot;:&quot;false&quot;,&quot;hoteller_ext_is_smoove&quot;:&quot;false&quot;,&quot;hoteller_ext_is_parallax_mouse&quot;:&quot;false&quot;,&quot;hoteller_ext_is_infinite&quot;:&quot;false&quot;,&quot;hoteller_ext_is_fadeout_animation&quot;:&quot;false&quot;,&quot;hoteller_ext_mobile_static&quot;:&quot;false&quot;}\">\n\t\t\t<div class=\"elementor-widget-wrap elementor-element-populated\">\n\t\t\t\t\t\t<section class=\"elementor-section elementor-inner-section elementor-element elementor-element-5f8601c elementor-section-boxed elementor-section-height-default elementor-section-height-default\" data-id=\"5f8601c\" data-element_type=\"section\" data-settings=\"{&quot;hoteller_ext_is_background_parallax&quot;:&quot;false&quot;,&quot;hoteller_ext_is_background_on_scroll&quot;:&quot;false&quot;}\">\n\t\t\t\t\t\t<div class=\"elementor-container elementor-column-gap-default\">\n\t\t\t\t\t<div class=\"elementor-column elementor-col-100 elementor-inner-column elementor-element elementor-element-a874465\" data-id=\"a874465\" data-element_type=\"column\" data-settings=\"{&quot;hoteller_ext_link_sidemenu&quot;:&quot;false&quot;,&quot;hoteller_ext_link_fullmenu&quot;:&quot;false&quot;,&quot;hoteller_ext_link_closed_fullmenu&quot;:&quot;false&quot;,&quot;hoteller_ext_is_scrollme&quot;:&quot;false&quot;,&quot;hoteller_ext_is_smoove&quot;:&quot;false&quot;,&quot;hoteller_ext_is_parallax_mouse&quot;:&quot;false&quot;,&quot;hoteller_ext_is_infinite&quot;:&quot;false&quot;,&quot;hoteller_ext_is_fadeout_animation&quot;:&quot;false&quot;,&quot;hoteller_ext_mobile_static&quot;:&quot;false&quot;}\">\n\t\t\t<div class=\"elementor-widget-wrap elementor-element-populated\">\n\t\t\t\t\t\t<div class=\"elementor-element elementor-element-8711f2e domaine-haou page-cadre elementor-widget elementor-widget-heading\" data-id=\"8711f2e\" data-element_type=\"widget\" data-settings=\"{&quot;hoteller_ext_link_sidemenu&quot;:&quot;false&quot;,&quot;hoteller_ext_link_fullmenu&quot;:&quot;false&quot;,&quot;hoteller_ext_link_closed_fullmenu&quot;:&quot;false&quot;,&quot;hoteller_ext_is_scrollme&quot;:&quot;false&quot;,&quot;hoteller_ext_is_smoove&quot;:&quot;false&quot;,&quot;hoteller_ext_is_parallax_mouse&quot;:&quot;false&quot;,&quot;hoteller_ext_is_infinite&quot;:&quot;false&quot;,&quot;hoteller_ext_is_fadeout_animation&quot;:&quot;false&quot;,&quot;hoteller_ext_mobile_static&quot;:&quot;false&quot;}\" data-widget_type=\"heading.default\">\n\t\t\t\t<div class=\"elementor-widget-container\">\n\t\t\t\t\t<h1 class=\"elementor-heading-title elementor-size-default\">OUR ENVIRONMENT<\/h1>\t\t\t\t<\/div>\n\t\t\t\t<\/div>\n\t\t\t\t<div class=\"elementor-element elementor-element-fd73797 elementor-widget elementor-widget-text-editor\" data-id=\"fd73797\" data-element_type=\"widget\" data-settings=\"{&quot;hoteller_ext_link_sidemenu&quot;:&quot;false&quot;,&quot;hoteller_ext_link_fullmenu&quot;:&quot;false&quot;,&quot;hoteller_ext_link_closed_fullmenu&quot;:&quot;false&quot;,&quot;hoteller_ext_is_scrollme&quot;:&quot;false&quot;,&quot;hoteller_ext_is_smoove&quot;:&quot;false&quot;,&quot;hoteller_ext_is_parallax_mouse&quot;:&quot;false&quot;,&quot;hoteller_ext_is_infinite&quot;:&quot;false&quot;,&quot;hoteller_ext_is_fadeout_animation&quot;:&quot;false&quot;,&quot;hoteller_ext_mobile_static&quot;:&quot;false&quot;}\" data-widget_type=\"text-editor.default\">\n\t\t\t\t<div class=\"elementor-widget-container\">\n\t\t\t\t\t\t\t\t\t<p class=\"p1\">Our house enjoys an exceptional a totally peaceful position. Here, we are in the heart of flora and fauna with animals, trees, colors. This is the opportunity to combine the event with some rest and relaxation in a place specially designed for you greater comfort.\u2028<span class=\"Apple-converted-space\">\u00a0<\/span><\/p><p class=\"p1\">Enjoy our landscaped terrace next to the pool during a sunny afternoon or enjoy a special moment in our jacuzzi which can be used all over the year even during colder seasons.<span class=\"Apple-converted-space\">\u00a0<\/span><\/p><p class=\"p1\">All over the year, we\u2019re offering you the opportunity to enjoy the quietness of the surrounding countryside. Let\u2019s have a look to migratory birds, stags living in surrounding drills or enjoy our koi carp swimming in our lake.<\/p>\t\t\t\t\t\t\t\t<\/div>\n\t\t\t\t<\/div>\n\t\t\t\t\t<\/div>\n\t\t<\/div>\n\t\t\t\t\t<\/div>\n\t\t<\/section>\n\t\t\t\t<section class=\"elementor-section elementor-inner-section elementor-element elementor-element-b075fca elementor-section-full_width elementor-section-height-default elementor-section-height-default\" data-id=\"b075fca\" data-element_type=\"section\" data-settings=\"{&quot;hoteller_ext_is_background_parallax&quot;:&quot;false&quot;,&quot;hoteller_ext_is_background_on_scroll&quot;:&quot;false&quot;}\">\n\t\t\t\t\t\t<div class=\"elementor-container elementor-column-gap-no\">\n\t\t\t\t\t<div class=\"elementor-column elementor-col-100 elementor-inner-column elementor-element elementor-element-8936feb\" data-id=\"8936feb\" data-element_type=\"column\" data-settings=\"{&quot;hoteller_ext_link_sidemenu&quot;:&quot;false&quot;,&quot;hoteller_ext_link_fullmenu&quot;:&quot;false&quot;,&quot;hoteller_ext_link_closed_fullmenu&quot;:&quot;false&quot;,&quot;hoteller_ext_is_scrollme&quot;:&quot;false&quot;,&quot;hoteller_ext_is_smoove&quot;:&quot;false&quot;,&quot;hoteller_ext_is_parallax_mouse&quot;:&quot;false&quot;,&quot;hoteller_ext_is_infinite&quot;:&quot;false&quot;,&quot;hoteller_ext_is_fadeout_animation&quot;:&quot;false&quot;,&quot;hoteller_ext_mobile_static&quot;:&quot;false&quot;}\">\n\t\t\t<div class=\"elementor-widget-wrap elementor-element-populated\">\n\t\t\t\t\t\t<div class=\"elementor-element elementor-element-d800502 cadre-slider elementor-arrows-position-inside elementor-widget elementor-widget-image-carousel\" data-id=\"d800502\" data-element_type=\"widget\" data-settings=\"{&quot;navigation&quot;:&quot;arrows&quot;,&quot;autoplay&quot;:&quot;no&quot;,&quot;image_spacing_custom&quot;:{&quot;unit&quot;:&quot;px&quot;,&quot;size&quot;:100,&quot;sizes&quot;:[]},&quot;slides_to_show_tablet&quot;:&quot;1&quot;,&quot;infinite&quot;:&quot;yes&quot;,&quot;speed&quot;:500,&quot;image_spacing_custom_tablet_extra&quot;:{&quot;unit&quot;:&quot;px&quot;,&quot;size&quot;:&quot;&quot;,&quot;sizes&quot;:[]},&quot;hoteller_ext_link_sidemenu&quot;:&quot;false&quot;,&quot;hoteller_ext_link_fullmenu&quot;:&quot;false&quot;,&quot;hoteller_ext_link_closed_fullmenu&quot;:&quot;false&quot;,&quot;hoteller_ext_is_scrollme&quot;:&quot;false&quot;,&quot;hoteller_ext_is_smoove&quot;:&quot;false&quot;,&quot;hoteller_ext_is_parallax_mouse&quot;:&quot;false&quot;,&quot;hoteller_ext_is_infinite&quot;:&quot;false&quot;,&quot;hoteller_ext_is_fadeout_animation&quot;:&quot;false&quot;,&quot;hoteller_ext_mobile_static&quot;:&quot;false&quot;}\" data-widget_type=\"image-carousel.default\">\n\t\t\t\t<div class=\"elementor-widget-container\">\n\t\t\t\t\t\t\t<div class=\"elementor-image-carousel-wrapper swiper\" role=\"region\" aria-roledescription=\"carousel\" aria-label=\"Carrousel d\u2019images\" dir=\"ltr\">\n\t\t\t<div class=\"elementor-image-carousel swiper-wrapper\" aria-live=\"polite\">\n\t\t\t\t\t\t\t\t<div class=\"swiper-slide\" role=\"group\" aria-roledescription=\"slide\" aria-label=\"1 of 8\"><figure class=\"swiper-slide-inner\"><img decoding=\"async\" class=\"swiper-slide-image\" src=\"https:\/\/domaineduhaou.fr\/wp-content\/uploads\/2023\/02\/domaine-du-haou-cadre-slider-terrasse.jpg\" alt=\"Terrasse avec domaine du haou en fond, piscine, transat et parc\" \/><figcaption class=\"elementor-image-carousel-caption\">Terrace<\/figcaption><\/figure><\/div><div class=\"swiper-slide\" role=\"group\" aria-roledescription=\"slide\" aria-label=\"2 of 8\"><figure class=\"swiper-slide-inner\"><img decoding=\"async\" class=\"swiper-slide-image\" src=\"https:\/\/domaineduhaou.fr\/wp-content\/uploads\/2023\/02\/domaine-du-haou-cadre-slider-piscine.jpg\" alt=\"Vue sur la piscine, le parc et le lac du domaine du haou\" \/><figcaption class=\"elementor-image-carousel-caption\">Pool<\/figcaption><\/figure><\/div><div class=\"swiper-slide\" role=\"group\" aria-roledescription=\"slide\" aria-label=\"3 of 8\"><figure class=\"swiper-slide-inner\"><img decoding=\"async\" class=\"swiper-slide-image\" src=\"https:\/\/domaineduhaou.fr\/wp-content\/uploads\/2023\/02\/domaine-du-haou-cadre-slider-lac.jpg\" alt=\"Vue sur le lac et le parc avec domaine du haou en fond\" \/><figcaption class=\"elementor-image-carousel-caption\">Lake<\/figcaption><\/figure><\/div><div class=\"swiper-slide\" role=\"group\" aria-roledescription=\"slide\" aria-label=\"4 of 8\"><figure class=\"swiper-slide-inner\"><img decoding=\"async\" class=\"swiper-slide-image\" src=\"https:\/\/domaineduhaou.fr\/wp-content\/uploads\/2023\/02\/domaine-du-haou-cadre-slider-jacuzzi.jpg\" alt=\"Vue sur le jacuzzi avec piscine et parc du domaine du haou en fond\" \/><figcaption class=\"elementor-image-carousel-caption\">Jacuzzi<\/figcaption><\/figure><\/div><div class=\"swiper-slide\" role=\"group\" aria-roledescription=\"slide\" aria-label=\"5 of 8\"><figure class=\"swiper-slide-inner\"><img decoding=\"async\" class=\"swiper-slide-image\" src=\"https:\/\/domaineduhaou.fr\/wp-content\/uploads\/2023\/02\/domaine-du-haou-cadre-slider-foret.jpg\" alt=\"For\u00eat du domaine du haou\" \/><figcaption class=\"elementor-image-carousel-caption\">Drill<\/figcaption><\/figure><\/div><div class=\"swiper-slide\" role=\"group\" aria-roledescription=\"slide\" aria-label=\"6 of 8\"><figure class=\"swiper-slide-inner\"><img decoding=\"async\" class=\"swiper-slide-image\" src=\"https:\/\/domaineduhaou.fr\/wp-content\/uploads\/2023\/02\/domaine-du-haou-cadre-slider-aire-de-jeux.jpg\" alt=\"Aire de jeux du domaine du haou avec cabane, deux toboggans et un trampoline\" \/><figcaption class=\"elementor-image-carousel-caption\">Playground area<\/figcaption><\/figure><\/div><div class=\"swiper-slide\" role=\"group\" aria-roledescription=\"slide\" aria-label=\"7 of 8\"><figure class=\"swiper-slide-inner\"><img decoding=\"async\" class=\"swiper-slide-image\" src=\"https:\/\/domaineduhaou.fr\/wp-content\/uploads\/2023\/02\/domaine-du-haou-cadre-slider-flore.jpg\" alt=\"La flore\" \/><figcaption class=\"elementor-image-carousel-caption\">Flora<\/figcaption><\/figure><\/div><div class=\"swiper-slide\" role=\"group\" aria-roledescription=\"slide\" aria-label=\"8 of 8\"><figure class=\"swiper-slide-inner\"><img decoding=\"async\" class=\"swiper-slide-image\" src=\"https:\/\/domaineduhaou.fr\/wp-content\/uploads\/2023\/02\/domaine-du-haou-cadre-slider-balade.jpg\" alt=\"Nos balades en f\u00f4rets\" \/><figcaption class=\"elementor-image-carousel-caption\">forest walks<\/figcaption><\/figure><\/div>\t\t\t<\/div>\n\t\t\t\t\t\t\t\t\t\t\t\t<div class=\"elementor-swiper-button elementor-swiper-button-prev\" role=\"button\" tabindex=\"0\">\n\t\t\t\t\t\t<svg xmlns=\"http:\/\/www.w3.org\/2000\/svg\" id=\"uuid-78e038f5-6c1b-4ee5-9b68-3c4aedcdf338\" viewbox=\"0 0 38.69 20.12\"><g id=\"uuid-afd7adb2-b6d0-430c-b2ae-e535776deaa7\"><path d=\"m.46,10.91l14.23,9.06c.46.29,1.09.16,1.38-.31s.16-1.08-.31-1.38l-11.33-7.22h33.26c.55,0,1-.45,1-1s-.45-1-1-1H4.43L15.77,1.84c.47-.3.61-.92.31-1.38-.19-.3-.52-.46-.85-.46-.18,0-.37.05-.54.16L.46,9.22c-.29.18-.46.5-.46.84s.18.66.46.84Z\"><\/path><\/g><\/svg>\t\t\t\t\t<\/div>\n\t\t\t\t\t<div class=\"elementor-swiper-button elementor-swiper-button-next\" role=\"button\" tabindex=\"0\">\n\t\t\t\t\t\t<svg xmlns=\"http:\/\/www.w3.org\/2000\/svg\" id=\"uuid-179fdf49-cc6a-4b86-890f-bba5d5dc2395\" viewbox=\"0 0 38.69 20.12\"><g id=\"uuid-93144c04-26bd-4202-8089-f3735968a7d4\"><path d=\"m38.22,9.22L24,.15c-.46-.29-1.09-.16-1.38.31s-.16,1.08.31,1.38l11.33,7.22H1c-.55,0-1,.45-1,1s.45,1,1,1h33.26l-11.33,7.22c-.47.3-.61.92-.31,1.38.19.3.52.46.85.46.18,0,.37-.05.54-.16l14.23-9.06c.29-.18.46-.5.46-.84s-.18-.66-.46-.84Z\"><\/path><\/g><\/svg>\t\t\t\t\t<\/div>\n\t\t\t\t\n\t\t\t\t\t\t\t\t\t<\/div>\n\t\t\t\t\t\t<\/div>\n\t\t\t\t<\/div>\n\t\t\t\t\t<\/div>\n\t\t<\/div>\n\t\t\t\t\t<\/div>\n\t\t<\/section>\n\t\t\t\t\t<\/div>\n\t\t<\/div>\n\t\t\t\t\t<\/div>\n\t\t<\/section>\n\t\t\t\t<\/div>","protected":false},"excerpt":{"rendered":"<p>LE CADRE Le domaine jouit d\u2019un emplacement id\u00e9al pour profiter pleinement du calme de la campagne. Ici, on se retrouve en plein c\u0153ur de la faune et de la flore leurs animaux, leurs arbres, leurs couleurs. L\u2019opportunit\u00e9 de se ressourcer [&hellip;]<\/p>","protected":false},"author":1,"featured_media":0,"parent":0,"menu_order":0,"comment_status":"closed","ping_status":"closed","template":"","meta":{"_acf_changed":false,"inline_featured_image":false,"loftloader_page_shortcode":"[loftloader loftloader_main_switch=on loftloader_show_range=sitewide loftloader_bg_color=#95BA81 loftloader_bg_opacity=100 loftloader_bg_animation=fade loftloader_loader_type=imgloading loftloader_custom_img=https:\/\/domaineduhaou.fr\/wp-content\/uploads\/2023\/03\/logo-domaine-du-haou-illustration-light.png loftloader_img_width=150 loftloader_show_close_timer=15 loftloader_show_close_tip=\"\" loftloader_max_load_time=0 loftloader_inline_js=false]","footnotes":""},"class_list":["post-2920","page","type-page","status-publish","hentry"],"acf":[],"yoast_head":"<!-- This site is optimized with the Yoast SEO plugin v27.0 - https:\/\/yoast.com\/product\/yoast-seo-wordpress\/ -->\n<title>Le cadre - Domaine Du Haou<\/title>\n<meta name=\"description\" content=\"Venez profiter du charme de la campagne dans ce g\u00eete situ\u00e9 en plein c\u0153ur de la faune et de la flore tout en pr\u00e9servant un confort maximal.\" \/>\n<meta name=\"robots\" content=\"index, follow, max-snippet:-1, max-image-preview:large, max-video-preview:-1\" \/>\n<link rel=\"canonical\" href=\"https:\/\/domaineduhaou.fr\/en\/le-cadre\/\" \/>\n<meta property=\"og:locale\" content=\"en_US\" \/>\n<meta property=\"og:type\" content=\"article\" \/>\n<meta property=\"og:title\" content=\"Le cadre - Domaine Du Haou\" \/>\n<meta property=\"og:description\" content=\"Venez profiter du charme de la campagne dans ce g\u00eete situ\u00e9 en plein c\u0153ur de la faune et de la flore tout en pr\u00e9servant un confort maximal.\" \/>\n<meta property=\"og:url\" content=\"https:\/\/domaineduhaou.fr\/en\/le-cadre\/\" \/>\n<meta property=\"og:site_name\" content=\"Domaine Du Haou\" \/>\n<meta property=\"article:modified_time\" content=\"2025-05-13T16:14:29+00:00\" \/>\n<meta property=\"og:image\" content=\"https:\/\/domaineduhaou.fr\/wp-content\/uploads\/2023\/02\/domaine-du-haou-cadre-slider-terrasse.jpg\" \/>\n<meta name=\"twitter:card\" content=\"summary_large_image\" \/>\n<meta name=\"twitter:label1\" content=\"Est. reading time\" \/>\n\t<meta name=\"twitter:data1\" content=\"4 minutes\" \/>\n<script type=\"application\/ld+json\" class=\"yoast-schema-graph\">{\"@context\":\"https:\/\/schema.org\",\"@graph\":[{\"@type\":\"WebPage\",\"@id\":\"https:\/\/domaineduhaou.fr\/le-cadre\/\",\"url\":\"https:\/\/domaineduhaou.fr\/le-cadre\/\",\"name\":\"Le cadre - Domaine Du Haou\",\"isPartOf\":{\"@id\":\"https:\/\/domaineduhaou.fr\/#website\"},\"primaryImageOfPage\":{\"@id\":\"https:\/\/domaineduhaou.fr\/le-cadre\/#primaryimage\"},\"image\":{\"@id\":\"https:\/\/domaineduhaou.fr\/le-cadre\/#primaryimage\"},\"thumbnailUrl\":\"https:\/\/domaineduhaou.fr\/wp-content\/uploads\/2023\/02\/domaine-du-haou-cadre-slider-terrasse.jpg\",\"datePublished\":\"2022-11-07T12:47:26+00:00\",\"dateModified\":\"2025-05-13T16:14:29+00:00\",\"description\":\"Venez profiter du charme de la campagne dans ce g\u00eete situ\u00e9 en plein c\u0153ur de la faune et de la flore tout en pr\u00e9servant un confort maximal.\",\"breadcrumb\":{\"@id\":\"https:\/\/domaineduhaou.fr\/le-cadre\/#breadcrumb\"},\"inLanguage\":\"en-US\",\"potentialAction\":[{\"@type\":\"ReadAction\",\"target\":[\"https:\/\/domaineduhaou.fr\/le-cadre\/\"]}]},{\"@type\":\"ImageObject\",\"inLanguage\":\"en-US\",\"@id\":\"https:\/\/domaineduhaou.fr\/le-cadre\/#primaryimage\",\"url\":\"https:\/\/domaineduhaou.fr\/wp-content\/uploads\/2023\/02\/domaine-du-haou-cadre-slider-terrasse.jpg\",\"contentUrl\":\"https:\/\/domaineduhaou.fr\/wp-content\/uploads\/2023\/02\/domaine-du-haou-cadre-slider-terrasse.jpg\"},{\"@type\":\"BreadcrumbList\",\"@id\":\"https:\/\/domaineduhaou.fr\/le-cadre\/#breadcrumb\",\"itemListElement\":[{\"@type\":\"ListItem\",\"position\":1,\"name\":\"Accueil\",\"item\":\"https:\/\/domaineduhaou.fr\/\"},{\"@type\":\"ListItem\",\"position\":2,\"name\":\"Le cadre\"}]},{\"@type\":\"WebSite\",\"@id\":\"https:\/\/domaineduhaou.fr\/#website\",\"url\":\"https:\/\/domaineduhaou.fr\/\",\"name\":\"Domaine Du Haou\",\"description\":\"\",\"publisher\":{\"@id\":\"https:\/\/domaineduhaou.fr\/#organization\"},\"potentialAction\":[{\"@type\":\"SearchAction\",\"target\":{\"@type\":\"EntryPoint\",\"urlTemplate\":\"https:\/\/domaineduhaou.fr\/?s={search_term_string}\"},\"query-input\":{\"@type\":\"PropertyValueSpecification\",\"valueRequired\":true,\"valueName\":\"search_term_string\"}}],\"inLanguage\":\"en-US\"},{\"@type\":\"Organization\",\"@id\":\"https:\/\/domaineduhaou.fr\/#organization\",\"name\":\"Domaine Du Haou\",\"url\":\"https:\/\/domaineduhaou.fr\/\",\"logo\":{\"@type\":\"ImageObject\",\"inLanguage\":\"en-US\",\"@id\":\"https:\/\/domaineduhaou.fr\/#\/schema\/logo\/image\/\",\"url\":\"https:\/\/domaineduhaou.fr\/wp-content\/uploads\/2022\/11\/logo-domaine-du-haou.png\",\"contentUrl\":\"https:\/\/domaineduhaou.fr\/wp-content\/uploads\/2022\/11\/logo-domaine-du-haou.png\",\"width\":487,\"height\":154,\"caption\":\"Domaine Du Haou\"},\"image\":{\"@id\":\"https:\/\/domaineduhaou.fr\/#\/schema\/logo\/image\/\"}}]}<\/script>\n<!-- \/ Yoast SEO plugin. -->","yoast_head_json":{"title":"Le cadre - Domaine Du Haou","description":"Venez profiter du charme de la campagne dans ce g\u00eete situ\u00e9 en plein c\u0153ur de la faune et de la flore tout en pr\u00e9servant un confort maximal.","robots":{"index":"index","follow":"follow","max-snippet":"max-snippet:-1","max-image-preview":"max-image-preview:large","max-video-preview":"max-video-preview:-1"},"canonical":"https:\/\/domaineduhaou.fr\/en\/le-cadre\/","og_locale":"en_US","og_type":"article","og_title":"Le cadre - Domaine Du Haou","og_description":"Venez profiter du charme de la campagne dans ce g\u00eete situ\u00e9 en plein c\u0153ur de la faune et de la flore tout en pr\u00e9servant un confort maximal.","og_url":"https:\/\/domaineduhaou.fr\/en\/le-cadre\/","og_site_name":"Domaine Du Haou","article_modified_time":"2025-05-13T16:14:29+00:00","og_image":[{"url":"https:\/\/domaineduhaou.fr\/wp-content\/uploads\/2023\/02\/domaine-du-haou-cadre-slider-terrasse.jpg","type":"","width":"","height":""}],"twitter_card":"summary_large_image","twitter_misc":{"Est. reading time":"4 minutes"},"schema":{"@context":"https:\/\/schema.org","@graph":[{"@type":"WebPage","@id":"https:\/\/domaineduhaou.fr\/le-cadre\/","url":"https:\/\/domaineduhaou.fr\/le-cadre\/","name":"Le cadre - Domaine Du Haou","isPartOf":{"@id":"https:\/\/domaineduhaou.fr\/#website"},"primaryImageOfPage":{"@id":"https:\/\/domaineduhaou.fr\/le-cadre\/#primaryimage"},"image":{"@id":"https:\/\/domaineduhaou.fr\/le-cadre\/#primaryimage"},"thumbnailUrl":"https:\/\/domaineduhaou.fr\/wp-content\/uploads\/2023\/02\/domaine-du-haou-cadre-slider-terrasse.jpg","datePublished":"2022-11-07T12:47:26+00:00","dateModified":"2025-05-13T16:14:29+00:00","description":"Venez profiter du charme de la campagne dans ce g\u00eete situ\u00e9 en plein c\u0153ur de la faune et de la flore tout en pr\u00e9servant un confort maximal.","breadcrumb":{"@id":"https:\/\/domaineduhaou.fr\/le-cadre\/#breadcrumb"},"inLanguage":"en-US","potentialAction":[{"@type":"ReadAction","target":["https:\/\/domaineduhaou.fr\/le-cadre\/"]}]},{"@type":"ImageObject","inLanguage":"en-US","@id":"https:\/\/domaineduhaou.fr\/le-cadre\/#primaryimage","url":"https:\/\/domaineduhaou.fr\/wp-content\/uploads\/2023\/02\/domaine-du-haou-cadre-slider-terrasse.jpg","contentUrl":"https:\/\/domaineduhaou.fr\/wp-content\/uploads\/2023\/02\/domaine-du-haou-cadre-slider-terrasse.jpg"},{"@type":"BreadcrumbList","@id":"https:\/\/domaineduhaou.fr\/le-cadre\/#breadcrumb","itemListElement":[{"@type":"ListItem","position":1,"name":"Accueil","item":"https:\/\/domaineduhaou.fr\/"},{"@type":"ListItem","position":2,"name":"Le cadre"}]},{"@type":"WebSite","@id":"https:\/\/domaineduhaou.fr\/#website","url":"https:\/\/domaineduhaou.fr\/","name":"Domaine Du Haou","description":"","publisher":{"@id":"https:\/\/domaineduhaou.fr\/#organization"},"potentialAction":[{"@type":"SearchAction","target":{"@type":"EntryPoint","urlTemplate":"https:\/\/domaineduhaou.fr\/?s={search_term_string}"},"query-input":{"@type":"PropertyValueSpecification","valueRequired":true,"valueName":"search_term_string"}}],"inLanguage":"en-US"},{"@type":"Organization","@id":"https:\/\/domaineduhaou.fr\/#organization","name":"Domaine Du Haou","url":"https:\/\/domaineduhaou.fr\/","logo":{"@type":"ImageObject","inLanguage":"en-US","@id":"https:\/\/domaineduhaou.fr\/#\/schema\/logo\/image\/","url":"https:\/\/domaineduhaou.fr\/wp-content\/uploads\/2022\/11\/logo-domaine-du-haou.png","contentUrl":"https:\/\/domaineduhaou.fr\/wp-content\/uploads\/2022\/11\/logo-domaine-du-haou.png","width":487,"height":154,"caption":"Domaine Du Haou"},"image":{"@id":"https:\/\/domaineduhaou.fr\/#\/schema\/logo\/image\/"}}]}},"_links":{"self":[{"href":"https:\/\/domaineduhaou.fr\/en\/wp-json\/wp\/v2\/pages\/2920","targetHints":{"allow":["GET"]}}],"collection":[{"href":"https:\/\/domaineduhaou.fr\/en\/wp-json\/wp\/v2\/pages"}],"about":[{"href":"https:\/\/domaineduhaou.fr\/en\/wp-json\/wp\/v2\/types\/page"}],"author":[{"embeddable":true,"href":"https:\/\/domaineduhaou.fr\/en\/wp-json\/wp\/v2\/users\/1"}],"replies":[{"embeddable":true,"href":"https:\/\/domaineduhaou.fr\/en\/wp-json\/wp\/v2\/comments?post=2920"}],"version-history":[{"count":140,"href":"https:\/\/domaineduhaou.fr\/en\/wp-json\/wp\/v2\/pages\/2920\/revisions"}],"predecessor-version":[{"id":7442,"href":"https:\/\/domaineduhaou.fr\/en\/wp-json\/wp\/v2\/pages\/2920\/revisions\/7442"}],"wp:attachment":[{"href":"https:\/\/domaineduhaou.fr\/en\/wp-json\/wp\/v2\/media?parent=2920"}],"curies":[{"name":"wp","href":"https:\/\/api.w.org\/{rel}","templated":true}]}}