
{"id":4768,"date":"2023-02-08T15:33:21","date_gmt":"2023-02-08T14:33:21","guid":{"rendered":"https:\/\/domaineduhaou.fr\/?page_id=4768"},"modified":"2023-03-02T15:38:26","modified_gmt":"2023-03-02T14:38:26","slug":"mentions-legales-et-conditions-generales-de-ventes","status":"publish","type":"page","link":"https:\/\/domaineduhaou.fr\/en\/mentions-legales-et-conditions-generales-de-ventes\/","title":{"rendered":"Legal notices and general conditions of sale"},"content":{"rendered":"<div data-elementor-type=\"wp-page\" data-elementor-id=\"4768\" class=\"elementor elementor-4768\">\n\t\t\t\t\t\t<section class=\"elementor-section elementor-top-section elementor-element elementor-element-750d143 elementor-section-content-middle elementor-section-items-top domaine-haou resa-titre elementor-section-height-full elementor-section-boxed elementor-section-height-default\" data-id=\"750d143\" data-element_type=\"section\" data-settings=\"{&quot;background_background&quot;:&quot;classic&quot;,&quot;hoteller_ext_is_background_parallax&quot;:&quot;false&quot;,&quot;hoteller_ext_is_background_on_scroll&quot;:&quot;false&quot;}\">\n\t\t\t\t\t\t<div class=\"elementor-container elementor-column-gap-default\">\n\t\t\t\t\t<div class=\"elementor-column elementor-col-100 elementor-top-column elementor-element elementor-element-f4b49cf\" data-id=\"f4b49cf\" data-element_type=\"column\" data-settings=\"{&quot;background_background&quot;:&quot;classic&quot;,&quot;hoteller_ext_link_sidemenu&quot;:&quot;false&quot;,&quot;hoteller_ext_link_fullmenu&quot;:&quot;false&quot;,&quot;hoteller_ext_link_closed_fullmenu&quot;:&quot;false&quot;,&quot;hoteller_ext_is_scrollme&quot;:&quot;false&quot;,&quot;hoteller_ext_is_smoove&quot;:&quot;false&quot;,&quot;hoteller_ext_is_parallax_mouse&quot;:&quot;false&quot;,&quot;hoteller_ext_is_infinite&quot;:&quot;false&quot;,&quot;hoteller_ext_is_fadeout_animation&quot;:&quot;false&quot;,&quot;hoteller_ext_mobile_static&quot;:&quot;false&quot;}\">\n\t\t\t<div class=\"elementor-widget-wrap elementor-element-populated\">\n\t\t\t\t\t\t<section class=\"elementor-section elementor-inner-section elementor-element elementor-element-2cc8095 elementor-section-full_width elementor-section-height-default elementor-section-height-default\" data-id=\"2cc8095\" data-element_type=\"section\" data-settings=\"{&quot;hoteller_ext_is_background_parallax&quot;:&quot;false&quot;,&quot;hoteller_ext_is_background_on_scroll&quot;:&quot;false&quot;}\">\n\t\t\t\t\t\t<div class=\"elementor-container elementor-column-gap-default\">\n\t\t\t\t\t<div class=\"elementor-column elementor-col-100 elementor-inner-column elementor-element elementor-element-22a1dff\" data-id=\"22a1dff\" data-element_type=\"column\" data-settings=\"{&quot;hoteller_ext_link_sidemenu&quot;:&quot;false&quot;,&quot;hoteller_ext_link_fullmenu&quot;:&quot;false&quot;,&quot;hoteller_ext_link_closed_fullmenu&quot;:&quot;false&quot;,&quot;hoteller_ext_is_scrollme&quot;:&quot;false&quot;,&quot;hoteller_ext_is_smoove&quot;:&quot;false&quot;,&quot;hoteller_ext_is_parallax_mouse&quot;:&quot;false&quot;,&quot;hoteller_ext_is_infinite&quot;:&quot;false&quot;,&quot;hoteller_ext_is_fadeout_animation&quot;:&quot;false&quot;,&quot;hoteller_ext_mobile_static&quot;:&quot;false&quot;}\">\n\t\t\t<div class=\"elementor-widget-wrap elementor-element-populated\">\n\t\t\t\t\t\t<div class=\"elementor-element elementor-element-d29329b domaine-haou elementor-widget elementor-widget-heading\" data-id=\"d29329b\" data-element_type=\"widget\" data-settings=\"{&quot;hoteller_ext_link_sidemenu&quot;:&quot;false&quot;,&quot;hoteller_ext_link_fullmenu&quot;:&quot;false&quot;,&quot;hoteller_ext_link_closed_fullmenu&quot;:&quot;false&quot;,&quot;hoteller_ext_is_scrollme&quot;:&quot;false&quot;,&quot;hoteller_ext_is_smoove&quot;:&quot;false&quot;,&quot;hoteller_ext_is_parallax_mouse&quot;:&quot;false&quot;,&quot;hoteller_ext_is_infinite&quot;:&quot;false&quot;,&quot;hoteller_ext_is_fadeout_animation&quot;:&quot;false&quot;,&quot;hoteller_ext_mobile_static&quot;:&quot;false&quot;}\" data-widget_type=\"heading.default\">\n\t\t\t\t<div class=\"elementor-widget-container\">\n\t\t\t\t\t<h2 class=\"elementor-heading-title elementor-size-default\">Legal notices and general conditions of sale<\/h2>\t\t\t\t<\/div>\n\t\t\t\t<\/div>\n\t\t\t\t\t<\/div>\n\t\t<\/div>\n\t\t\t\t\t<\/div>\n\t\t<\/section>\n\t\t\t\t\t<\/div>\n\t\t<\/div>\n\t\t\t\t\t<\/div>\n\t\t<\/section>\n\t\t\t\t<section class=\"elementor-section elementor-top-section elementor-element elementor-element-4137815 elementor-section-content-middle elementor-section-items-top domaine-haou resa-titre elementor-section-height-full elementor-section-boxed elementor-section-height-default\" data-id=\"4137815\" data-element_type=\"section\" data-settings=\"{&quot;background_background&quot;:&quot;classic&quot;,&quot;hoteller_ext_is_background_parallax&quot;:&quot;false&quot;,&quot;hoteller_ext_is_background_on_scroll&quot;:&quot;false&quot;}\">\n\t\t\t\t\t\t<div class=\"elementor-container elementor-column-gap-default\">\n\t\t\t\t\t<div class=\"elementor-column elementor-col-100 elementor-top-column elementor-element elementor-element-33dd1ca\" data-id=\"33dd1ca\" data-element_type=\"column\" data-settings=\"{&quot;background_background&quot;:&quot;classic&quot;,&quot;hoteller_ext_link_sidemenu&quot;:&quot;false&quot;,&quot;hoteller_ext_link_fullmenu&quot;:&quot;false&quot;,&quot;hoteller_ext_link_closed_fullmenu&quot;:&quot;false&quot;,&quot;hoteller_ext_is_scrollme&quot;:&quot;false&quot;,&quot;hoteller_ext_is_smoove&quot;:&quot;false&quot;,&quot;hoteller_ext_is_parallax_mouse&quot;:&quot;false&quot;,&quot;hoteller_ext_is_infinite&quot;:&quot;false&quot;,&quot;hoteller_ext_is_fadeout_animation&quot;:&quot;false&quot;,&quot;hoteller_ext_mobile_static&quot;:&quot;false&quot;}\">\n\t\t\t<div class=\"elementor-widget-wrap elementor-element-populated\">\n\t\t\t\t\t\t<section class=\"elementor-section elementor-inner-section elementor-element elementor-element-7773448 elementor-section-full_width elementor-section-height-default elementor-section-height-default\" data-id=\"7773448\" data-element_type=\"section\" data-settings=\"{&quot;hoteller_ext_is_background_parallax&quot;:&quot;false&quot;,&quot;hoteller_ext_is_background_on_scroll&quot;:&quot;false&quot;}\">\n\t\t\t\t\t\t<div class=\"elementor-container elementor-column-gap-default\">\n\t\t\t\t\t<div class=\"elementor-column elementor-col-100 elementor-inner-column elementor-element elementor-element-bced310\" data-id=\"bced310\" data-element_type=\"column\" data-settings=\"{&quot;hoteller_ext_link_sidemenu&quot;:&quot;false&quot;,&quot;hoteller_ext_link_fullmenu&quot;:&quot;false&quot;,&quot;hoteller_ext_link_closed_fullmenu&quot;:&quot;false&quot;,&quot;hoteller_ext_is_scrollme&quot;:&quot;false&quot;,&quot;hoteller_ext_is_smoove&quot;:&quot;false&quot;,&quot;hoteller_ext_is_parallax_mouse&quot;:&quot;false&quot;,&quot;hoteller_ext_is_infinite&quot;:&quot;false&quot;,&quot;hoteller_ext_is_fadeout_animation&quot;:&quot;false&quot;,&quot;hoteller_ext_mobile_static&quot;:&quot;false&quot;}\">\n\t\t\t<div class=\"elementor-widget-wrap elementor-element-populated\">\n\t\t\t\t\t\t<div class=\"elementor-element elementor-element-9265691 mention-legale-texte elementor-widget elementor-widget-text-editor\" data-id=\"9265691\" data-element_type=\"widget\" data-settings=\"{&quot;hoteller_ext_link_sidemenu&quot;:&quot;false&quot;,&quot;hoteller_ext_link_fullmenu&quot;:&quot;false&quot;,&quot;hoteller_ext_link_closed_fullmenu&quot;:&quot;false&quot;,&quot;hoteller_ext_is_scrollme&quot;:&quot;false&quot;,&quot;hoteller_ext_is_smoove&quot;:&quot;false&quot;,&quot;hoteller_ext_is_parallax_mouse&quot;:&quot;false&quot;,&quot;hoteller_ext_is_infinite&quot;:&quot;false&quot;,&quot;hoteller_ext_is_fadeout_animation&quot;:&quot;false&quot;,&quot;hoteller_ext_mobile_static&quot;:&quot;false&quot;}\" data-widget_type=\"text-editor.default\">\n\t\t\t\t<div class=\"elementor-widget-container\">\n\t\t\t\t\t\t\t\t\t<p>\u00a0<\/p>\n\n<h3 class=\"wp-block-heading\">1 &#8211; Mentions l\u00e9gales :<\/h3>\n<h3><span class=\"s2\">A propos de nous\u00a0: <\/span><\/h3>\n<p>Le site internet <a href=\"https:\/\/domaineduhaou.fr\/en\/\"><span class=\"s3\">www.domaineduhaou.fr<\/span><\/a> a pour vocation de pr\u00e9senter les services propos\u00e9s par le Domaine du Haou, en termes d\u2019h\u00e9bergement, d\u2019activit\u00e9s. C\u2019est ainsi donner la possibilit\u00e9 aux internautes de consulter nos logements et de r\u00e9server directement en ligne.<\/p>\n<h3><span class=\"s4\">Identit\u00e9 de l\u2019entreprise\u00a0:<\/span><\/h3>\n<p>SAS LAT<br \/>379 Chemin du Haou<br \/>G\u00e9rant\u00a0: Alain BARUTEL<br \/>N\u00b0 de t\u00e9l\u00e9phone : (+33) 6.73.97.12.81<br \/>Adresse e-mail\u00a0: saslat40390@gmail.com<br \/>N\u00b0 d\u2019immatriculation au RCS\u00a0: Dax B 799 707 146<br \/>N\u00b0 d\u2019identification \u00e0 la TVA\u00a0: FR80799707146<\/p>\n<h3><span class=\"s4\">Editeur<\/span><span class=\"s4\"> du site\u00a0:<\/span><\/h3>\n<p>Bored Studio<br \/><strong><span class=\"s5\">Votre adresse <br \/><\/span><\/strong>Responsable \u00e9ditorial\u00a0: Hadrien ETCHEPARE, Lucas PEPITONE<br \/>N\u00b0 de t\u00e9l\u00e9phone : (+33) 6.80.48.00.22, (+33) 6.33.70.63.46<br \/>Adresse e-mail\u00a0: <a href=\"mailto:contact@bored-studio.com\"><span class=\"s3\">contact@bored-studio.com<\/span><\/a>\u00a0<br \/>Site web : <a href=\"https:\/\/bored-studio.com\/\"><span class=\"s3\">bored-studio.com<\/span><\/a><\/p>\n<h3><span class=\"s4\">H\u00e9bergement<\/span><span class=\"s4\"> du <\/span><span class=\"s4\">site :<\/span><\/h3>\n<p><span class=\"s5\">OVH<br \/><\/span>Si\u00e8ge social : 2 rue Kellermann &#8211; 59100 Roubaix &#8211; France<br \/>Site web : <a href=\"https:\/\/www.ovhcloud.com\/\">www.ovhcloud.com<\/a><\/p>\n<h3>\u00a0<\/h3>\n<h3>2 &#8211; Conditions g\u00e9n\u00e9rales de ventes :\u00a0<br \/><\/h3>\n<h3 class=\"wp-block-heading\"><span class=\"s2\">Pr\u00e9sentation\u00a0:<br \/><\/span><\/h3>\n<p>A 30 min de Biarritz et Hossegor, grand g\u00eete familial et convivial.<br \/>Venez profiter de ces vastes espaces gr\u00e2ce \u00e0 une pi\u00e8ce de vie traversante de 120m2, 4 chambres avec leur salle d&rsquo;eau et WC, un grand dortoir, une salle de sport avec sauna et une salle de jeux.<br \/>D\u00e9tendez-vous dans ce logement unique et tranquille avec jacuzzi, piscine, barbecue, aire de jeux pour enfants.<br \/>La tranquillit\u00e9 de la campagne n&rsquo;attend plus que vous pour des vacances paisibles aussi bien entre amis qu&rsquo;en famille !<\/p>\n<h3><span class=\"s2\">D\u00e9tails &amp; am\u00e9nagements\u00a0:<\/span><\/h3>\n<p><span class=\"s5\">Int\u00e9rieur :<\/span> Au rez-de-chauss\u00e9e, une entr\u00e9e donnant sur une pi\u00e8ce de vie traversante (salon et salle \u00e0 manger), une cuisine s\u00e9par\u00e9e, une salle de jeux, un WC s\u00e9par\u00e9, un cagibi.A l&rsquo;\u00e9tage, 4 chambres avec chacune sa salle d\u2019eau attenante, une salle de sport, un dortoir.<\/p>\n<p><strong>Couchages :<\/strong> 3 lits 140&#215;200 + 4 lits 90&#215;210 + 1 lit 180&#215;210.<\/p>\n<p><strong><span class=\"s5\">Ext\u00e9rieur :<\/span><\/strong> Un jardin avec terrasse, salon de jardin avec table d\u2019ext\u00e9rieur, piscine, jacuzzi, aire de jeux pour enfants, \u00e9tang, , deux terrasses \u00e0 l\u2019\u00e9tage, garage, emplacement de stationnement pour plusieurs v\u00e9hicules, impasse calme.<\/p>\n<p><strong><span class=\"s5\">\u00c9quipements<\/span><span class=\"s5\"> :<\/span><\/strong> Vaisselle\/Couverts, Ustensiles cuisine, R\u00e9frig\u00e9rateur, Cong\u00e9lateur, Four, Plaque de cuisson 3 feux induction, Four Micro- ondes, Bouilloire, Cafeti\u00e8re, Grille-pain, Aspirateur, Nettoyeur vapeur, Fer \u00e0 repasser, Planche \u00e0 repasser, Lave-vaisselle, Lave- linge, S\u00e8che-linge, \u00e9tendoir, 6 T\u00e9l\u00e9viseurs, 6 Chromecast, Internet en Wifi, Mat\u00e9riel de sport, Climatisation, Plancha, Barbecue, Baby- foot, Billard fran\u00e7ais, Sauna, impasse calme.<\/p>\n<h3><span class=\"s2\">Tarifs et planning :<\/span><\/h3>\n<p>(les prix ci-dessous sont indiqu\u00e9s \u00e0 titre indicatif \u00e0 la semaine)<\/p>\n<p><strong><span class=\"s2\">Basse saison\u00a0:<\/span><\/strong> 3.150\u20ac<\/p>\n<p><strong><span class=\"s2\">Moyenne saison\u00a0: <\/span><\/strong>3.500\u20ac<\/p>\n<p><strong><span class=\"s2\">Haute saison\u00a0:<\/span><\/strong> 3.850\u20ac<\/p>\n<h3><span class=\"s2\">Linge et Nettoyage<\/span><\/h3>\n<p>Le m\u00e9nage de fin de s\u00e9jour est obligatoire. Le montant de la caution de nettoyage est de 250\u20ac.<br \/>Draps et linge de maison inclus dans le tarif de la location.<\/p>\n<h3><span class=\"s2\">R\u00e9servation et conclusion du contrat<\/span><\/h3>\n<p>Acompte de 20% du montant de la location \u00e0 r\u00e9gler \u00e0 la r\u00e9servation.<br \/>La r\u00e9servation sera effective \u00e0 r\u00e9ception du contrat sign\u00e9 et du r\u00e8glement. Le solde restant sera r\u00e9gl\u00e9 2 jours avant l&rsquo;arriv\u00e9e. En cas de non-paiement de l\u2019acompte \u00e0 la r\u00e9servation ou du solde au plus tard 2 jours avant la date d&rsquo;arriv\u00e9e, la r\u00e9servation sera annul\u00e9e.<\/p>\n<h3><span class=\"s2\">Annulation par le locataire<\/span><\/h3>\n<p>En cas d&rsquo;annulation par le locataire :<\/p>\n<p>&#8211; Plus de 90 jours avant la date d&rsquo;arriv\u00e9e, l&rsquo;acompte sera restitu\u00e9.<\/p>\n<p>&#8211; Entre 90 jours et 30 jours avant la date d&rsquo;arriv\u00e9e, l&rsquo;acompte sera conserv\u00e9 \u00e0 titre de d\u00e9dommagement.<\/p>\n<p>&#8211; A moins de 30 jours avant la date d&rsquo;arriv\u00e9e, la totalit\u00e9 du s\u00e9jour sera conserv\u00e9e.<\/p>\n<p>Si le s\u00e9jour est \u00e9court\u00e9, le prix int\u00e9gral de la location reste acquis par le propri\u00e9taire et aucune somme ne sera rembours\u00e9e.<\/p>\n<h3><span class=\"s2\">Arriv\u00e9e dans les lieux<\/span><\/h3>\n<p>Si le locataire doit arriver \u00e0 une heure tardive (au-del\u00e0 de 19h30) ou \u00e0 un jour diff\u00e9r\u00e9, il est tenu d&rsquo;en informer le propri\u00e9taire au pr\u00e9alable afin de v\u00e9rifier ses disponibilit\u00e9s.<\/p>\n<h3><span class=\"s2\">\u00c9tat<\/span><span class=\"s2\"> des lieux<\/span><\/h3>\n<p>Un \u00e9tat des lieux d&rsquo;entr\u00e9e succinct est proc\u00e9d\u00e9 \u00e0 l&rsquo;arriv\u00e9e du locataire. Le locataire a 48h apr\u00e8s la remise des cl\u00e9s pour signaler toute anomalie li\u00e9e \u00e0 l&rsquo;entr\u00e9e dans les lieux.<\/p>\n<h3><span class=\"s2\">Nettoyage et Linge<\/span><\/h3>\n<p>La caution m\u00e9nage de fin de s\u00e9jour est obligatoire. Le forfait de nettoyage est de 250\u20ac. Nous vous rappelons que les poubelles doivent \u00eatre obligatoirement jet\u00e9es, le r\u00e9frig\u00e9rateur et le cong\u00e9lateur vid\u00e9s, le four, barbecue et plancha doivent \u00eatre nettoy\u00e9s s\u2019ils ont \u00e9t\u00e9 utilis\u00e9s par vos soins, le lave-vaisselle vid\u00e9 et la vaisselle rang\u00e9e, les draps et serviettes doivent \u00eatre enlev\u00e9s et d\u00e9pos\u00e9s dans les pani\u00e8res pr\u00e9vues \u00e0 cet effet. Dans le cas contraire, le ch\u00e8que de caution de m\u00e9nage sera retenu. Draps et linge de maison inclus.<\/p>\n<h3><span class=\"s2\">Utilisation des lieux<\/span><\/h3>\n<p>Le locataire devra faire usage des lieux conform\u00e9ment \u00e0 une destination d&rsquo;habitation. Il devra vivre de mani\u00e8re paisible et respecter les r\u00e8gles \u00e9l\u00e9mentaires de voisinage et de copropri\u00e9t\u00e9. La location est non-fumeur.<\/p>\n<h3><span class=\"s2\">Capacit\u00e9<\/span><\/h3>\n<p>Le contrat est \u00e9tabli pour une capacit\u00e9 maximale de 12 personnes. Il sera demand\u00e9 de nous indiquer le nombre d\u2019adultes et le nombre de mineurs.<\/p>\n<h3><span class=\"s2\">Assurance vill\u00e9giature<\/span><\/h3>\n<p>Le locataire sera tenu de s&rsquo;assurer aupr\u00e8s d&rsquo;une compagnie d&rsquo;assurances contre les risques de vol, d&rsquo;incendie, de bris de glace et d\u00e9g\u00e2ts des eaux, et plus g\u00e9n\u00e9ralement tant pour la totalit\u00e9 de ses risques locatifs que pour le mobilier donn\u00e9 en location, ainsi que pour les recours des voisins (responsabilit\u00e9 civile). Il est invit\u00e9 \u00e0 souscrire une extension type \u00ab s\u00e9jour- voyage \u00bb pour ces diff\u00e9rents risques, si elle n&rsquo;est pas incluse dans son contrat habitation. Il devra justifier des documents pr\u00e9cit\u00e9s \u00e0 la rentr\u00e9e dans les lieux. En cons\u00e9quence, ces derniers d\u00e9clinent toute responsabilit\u00e9 pour le recoursque leur compagnie d&rsquo;assurances pourrait exercer contre le preneur en cas de sinistre.<\/p>\n<h3><span class=\"s2\">D\u00e9p\u00f4t de garantie<\/span><\/h3>\n<p>A la remise des cl\u00e9s, il sera demand\u00e9 un d\u00e9p\u00f4t de garantie de 2500\u20ac. Il est possible de le r\u00e9gler par ch\u00e8que \u00e0 l&rsquo;ordre de la SAS LAT. Le d\u00e9p\u00f4t de garantie sera restitu\u00e9 ou d\u00e9truit dans un d\u00e9lai maximum de 30 jours apr\u00e8s le d\u00e9part, d\u00e9duction faite de la remise en \u00e9tat du bien en cas de dommage dans la location.<\/p>\n<h3><span class=\"s2\">Paiement des charges et taxe de s\u00e9jour.<\/span><\/h3>\n<p>Les charges \u00e9nerg\u00e9tiques (\u00e9lectricit\u00e9 et gaz) et d&rsquo;eau sont comprises. La taxe de s\u00e9jour est incluse dans le prix.<\/p>\n<p>Lien menant vers la plateforme europ\u00e9enne de r\u00e8glement en ligne des litiges\u00a0: <a href=\"https:\/\/ec.europa.eu\/consumers\/odr\/main\/index.cfm?event=main.home2.show&amp;lng=FR\"><span class=\"s3\">https:\/\/ec.europa.eu\/consumers\/odr\/main\/index.cfm?event=main.home2.show&amp;lng=FR<\/span><\/a><\/p>\n<h3><span class=\"s2\">Traitement des donn\u00e9es personnelles et utilisation des cookies :<\/span><\/h3>\n<p>D\u00e9l\u00e9gu\u00e9 \u00e0 la Protection des Donn\u00e9es (DPO) : <br \/>Thomas BARUTEL<br \/>barutelthomas@gmail.com<br \/>06.73.97.12.81<\/p>\n<p>Les donn\u00e9es r\u00e9colt\u00e9es seront utiles \u00e0 la gestion et au suivi des r\u00e9servations effectu\u00e9es. Elles seront \u00e9galement utilis\u00e9es pour informer des nouveaut\u00e9s, offres commerciales et promotionnelles.<\/p>\n<p>En affirmant que vous avez lu les conditions g\u00e9n\u00e9rales de vente, vous donnez votre consentement \u00e0 l&rsquo;utilisation de vos donn\u00e9es personnelles. En cas de non fourniture de vos informations personnelles nous ne serons pas en mesure de valider vos demandes de r\u00e9servation. Le destinataire de ces informations est le DPO de la soci\u00e9t\u00e9 SAS LAT.<\/p>\n<p>La dur\u00e9e de conservation de ces informations personnelles est limit\u00e9e \u00e0 3 ans.<br \/>Selon les droits de l&rsquo;internaute, l&rsquo;internaute est en droit de refuser la collecte, le droit d&rsquo;acc\u00e9der, de rectifier et d&rsquo;effacer ses donn\u00e9es. L&rsquo;internaute est \u00e9galement en droit d&rsquo;introduire une r\u00e9clamation aupr\u00e8s de la CNIL (Commission National de l&rsquo;Informatique et des Libert\u00e9s).<\/p>\n<p><\/p>\n\t\t\t\t\t\t\t\t<\/div>\n\t\t\t\t<\/div>\n\t\t\t\t\t<\/div>\n\t\t<\/div>\n\t\t\t\t\t<\/div>\n\t\t<\/section>\n\t\t\t\t\t<\/div>\n\t\t<\/div>\n\t\t\t\t\t<\/div>\n\t\t<\/section>\n\t\t\t\t<\/div>","protected":false},"excerpt":{"rendered":"<p>Mentions l\u00e9gales et conditions g\u00e9n\u00e9rales de ventes \u00a0 1 &#8211; Mentions l\u00e9gales : A propos de nous\u00a0: Le site internet www.domaineduhaou.fr a pour vocation de pr\u00e9senter les services propos\u00e9s par le Domaine du Haou, en termes d\u2019h\u00e9bergement, d\u2019activit\u00e9s. C\u2019est ainsi [&hellip;]<\/p>","protected":false},"author":1,"featured_media":0,"parent":0,"menu_order":0,"comment_status":"closed","ping_status":"closed","template":"","meta":{"_acf_changed":false,"inline_featured_image":false,"loftloader_page_shortcode":"","footnotes":""},"class_list":["post-4768","page","type-page","status-publish","hentry"],"acf":[],"yoast_head":"<!-- This site is optimized with the Yoast SEO plugin v27.0 - https:\/\/yoast.com\/product\/yoast-seo-wordpress\/ -->\n<title>Mentions l\u00e9gales et conditions g\u00e9n\u00e9rales de ventes - Domaine Du Haou<\/title>\n<meta name=\"robots\" content=\"noindex, follow\" \/>\n<meta property=\"og:locale\" content=\"en_US\" \/>\n<meta property=\"og:type\" content=\"article\" \/>\n<meta property=\"og:title\" content=\"Mentions l\u00e9gales et conditions g\u00e9n\u00e9rales de ventes - Domaine Du Haou\" \/>\n<meta property=\"og:description\" content=\"Mentions l\u00e9gales et conditions g\u00e9n\u00e9rales de ventes \u00a0 1 &#8211; Mentions l\u00e9gales : A propos de nous\u00a0: Le site internet www.domaineduhaou.fr a pour vocation de pr\u00e9senter les services propos\u00e9s par le Domaine du Haou, en termes d\u2019h\u00e9bergement, d\u2019activit\u00e9s. C\u2019est ainsi [&hellip;]\" \/>\n<meta property=\"og:url\" content=\"https:\/\/domaineduhaou.fr\/en\/mentions-legales-et-conditions-generales-de-ventes\/\" \/>\n<meta property=\"og:site_name\" content=\"Domaine Du Haou\" \/>\n<meta property=\"article:modified_time\" content=\"2023-03-02T14:38:26+00:00\" \/>\n<meta name=\"twitter:card\" content=\"summary_large_image\" \/>\n<meta name=\"twitter:label1\" content=\"Est. reading time\" \/>\n\t<meta name=\"twitter:data1\" content=\"6 minutes\" \/>\n<script type=\"application\/ld+json\" class=\"yoast-schema-graph\">{\"@context\":\"https:\/\/schema.org\",\"@graph\":[{\"@type\":\"WebPage\",\"@id\":\"https:\/\/domaineduhaou.fr\/mentions-legales-et-conditions-generales-de-ventes\/\",\"url\":\"https:\/\/domaineduhaou.fr\/mentions-legales-et-conditions-generales-de-ventes\/\",\"name\":\"Mentions l\u00e9gales et conditions g\u00e9n\u00e9rales de ventes - Domaine Du Haou\",\"isPartOf\":{\"@id\":\"https:\/\/domaineduhaou.fr\/#website\"},\"datePublished\":\"2023-02-08T14:33:21+00:00\",\"dateModified\":\"2023-03-02T14:38:26+00:00\",\"breadcrumb\":{\"@id\":\"https:\/\/domaineduhaou.fr\/mentions-legales-et-conditions-generales-de-ventes\/#breadcrumb\"},\"inLanguage\":\"en-US\",\"potentialAction\":[{\"@type\":\"ReadAction\",\"target\":[\"https:\/\/domaineduhaou.fr\/mentions-legales-et-conditions-generales-de-ventes\/\"]}]},{\"@type\":\"BreadcrumbList\",\"@id\":\"https:\/\/domaineduhaou.fr\/mentions-legales-et-conditions-generales-de-ventes\/#breadcrumb\",\"itemListElement\":[{\"@type\":\"ListItem\",\"position\":1,\"name\":\"Accueil\",\"item\":\"https:\/\/domaineduhaou.fr\/\"},{\"@type\":\"ListItem\",\"position\":2,\"name\":\"Mentions l\u00e9gales et conditions g\u00e9n\u00e9rales de ventes\"}]},{\"@type\":\"WebSite\",\"@id\":\"https:\/\/domaineduhaou.fr\/#website\",\"url\":\"https:\/\/domaineduhaou.fr\/\",\"name\":\"Domaine Du Haou\",\"description\":\"\",\"publisher\":{\"@id\":\"https:\/\/domaineduhaou.fr\/#organization\"},\"potentialAction\":[{\"@type\":\"SearchAction\",\"target\":{\"@type\":\"EntryPoint\",\"urlTemplate\":\"https:\/\/domaineduhaou.fr\/?s={search_term_string}\"},\"query-input\":{\"@type\":\"PropertyValueSpecification\",\"valueRequired\":true,\"valueName\":\"search_term_string\"}}],\"inLanguage\":\"en-US\"},{\"@type\":\"Organization\",\"@id\":\"https:\/\/domaineduhaou.fr\/#organization\",\"name\":\"Domaine Du Haou\",\"url\":\"https:\/\/domaineduhaou.fr\/\",\"logo\":{\"@type\":\"ImageObject\",\"inLanguage\":\"en-US\",\"@id\":\"https:\/\/domaineduhaou.fr\/#\/schema\/logo\/image\/\",\"url\":\"https:\/\/domaineduhaou.fr\/wp-content\/uploads\/2022\/11\/logo-domaine-du-haou.png\",\"contentUrl\":\"https:\/\/domaineduhaou.fr\/wp-content\/uploads\/2022\/11\/logo-domaine-du-haou.png\",\"width\":487,\"height\":154,\"caption\":\"Domaine Du Haou\"},\"image\":{\"@id\":\"https:\/\/domaineduhaou.fr\/#\/schema\/logo\/image\/\"}}]}<\/script>\n<!-- \/ Yoast SEO plugin. -->","yoast_head_json":{"title":"Mentions l\u00e9gales et conditions g\u00e9n\u00e9rales de ventes - Domaine Du Haou","robots":{"index":"noindex","follow":"follow"},"og_locale":"en_US","og_type":"article","og_title":"Mentions l\u00e9gales et conditions g\u00e9n\u00e9rales de ventes - Domaine Du Haou","og_description":"Mentions l\u00e9gales et conditions g\u00e9n\u00e9rales de ventes \u00a0 1 &#8211; Mentions l\u00e9gales : A propos de nous\u00a0: Le site internet www.domaineduhaou.fr a pour vocation de pr\u00e9senter les services propos\u00e9s par le Domaine du Haou, en termes d\u2019h\u00e9bergement, d\u2019activit\u00e9s. C\u2019est ainsi [&hellip;]","og_url":"https:\/\/domaineduhaou.fr\/en\/mentions-legales-et-conditions-generales-de-ventes\/","og_site_name":"Domaine Du Haou","article_modified_time":"2023-03-02T14:38:26+00:00","twitter_card":"summary_large_image","twitter_misc":{"Est. reading time":"6 minutes"},"schema":{"@context":"https:\/\/schema.org","@graph":[{"@type":"WebPage","@id":"https:\/\/domaineduhaou.fr\/mentions-legales-et-conditions-generales-de-ventes\/","url":"https:\/\/domaineduhaou.fr\/mentions-legales-et-conditions-generales-de-ventes\/","name":"Mentions l\u00e9gales et conditions g\u00e9n\u00e9rales de ventes - Domaine Du Haou","isPartOf":{"@id":"https:\/\/domaineduhaou.fr\/#website"},"datePublished":"2023-02-08T14:33:21+00:00","dateModified":"2023-03-02T14:38:26+00:00","breadcrumb":{"@id":"https:\/\/domaineduhaou.fr\/mentions-legales-et-conditions-generales-de-ventes\/#breadcrumb"},"inLanguage":"en-US","potentialAction":[{"@type":"ReadAction","target":["https:\/\/domaineduhaou.fr\/mentions-legales-et-conditions-generales-de-ventes\/"]}]},{"@type":"BreadcrumbList","@id":"https:\/\/domaineduhaou.fr\/mentions-legales-et-conditions-generales-de-ventes\/#breadcrumb","itemListElement":[{"@type":"ListItem","position":1,"name":"Accueil","item":"https:\/\/domaineduhaou.fr\/"},{"@type":"ListItem","position":2,"name":"Mentions l\u00e9gales et conditions g\u00e9n\u00e9rales de ventes"}]},{"@type":"WebSite","@id":"https:\/\/domaineduhaou.fr\/#website","url":"https:\/\/domaineduhaou.fr\/","name":"Domaine Du Haou","description":"","publisher":{"@id":"https:\/\/domaineduhaou.fr\/#organization"},"potentialAction":[{"@type":"SearchAction","target":{"@type":"EntryPoint","urlTemplate":"https:\/\/domaineduhaou.fr\/?s={search_term_string}"},"query-input":{"@type":"PropertyValueSpecification","valueRequired":true,"valueName":"search_term_string"}}],"inLanguage":"en-US"},{"@type":"Organization","@id":"https:\/\/domaineduhaou.fr\/#organization","name":"Domaine Du Haou","url":"https:\/\/domaineduhaou.fr\/","logo":{"@type":"ImageObject","inLanguage":"en-US","@id":"https:\/\/domaineduhaou.fr\/#\/schema\/logo\/image\/","url":"https:\/\/domaineduhaou.fr\/wp-content\/uploads\/2022\/11\/logo-domaine-du-haou.png","contentUrl":"https:\/\/domaineduhaou.fr\/wp-content\/uploads\/2022\/11\/logo-domaine-du-haou.png","width":487,"height":154,"caption":"Domaine Du Haou"},"image":{"@id":"https:\/\/domaineduhaou.fr\/#\/schema\/logo\/image\/"}}]}},"_links":{"self":[{"href":"https:\/\/domaineduhaou.fr\/en\/wp-json\/wp\/v2\/pages\/4768","targetHints":{"allow":["GET"]}}],"collection":[{"href":"https:\/\/domaineduhaou.fr\/en\/wp-json\/wp\/v2\/pages"}],"about":[{"href":"https:\/\/domaineduhaou.fr\/en\/wp-json\/wp\/v2\/types\/page"}],"author":[{"embeddable":true,"href":"https:\/\/domaineduhaou.fr\/en\/wp-json\/wp\/v2\/users\/1"}],"replies":[{"embeddable":true,"href":"https:\/\/domaineduhaou.fr\/en\/wp-json\/wp\/v2\/comments?post=4768"}],"version-history":[{"count":28,"href":"https:\/\/domaineduhaou.fr\/en\/wp-json\/wp\/v2\/pages\/4768\/revisions"}],"predecessor-version":[{"id":5601,"href":"https:\/\/domaineduhaou.fr\/en\/wp-json\/wp\/v2\/pages\/4768\/revisions\/5601"}],"wp:attachment":[{"href":"https:\/\/domaineduhaou.fr\/en\/wp-json\/wp\/v2\/media?parent=4768"}],"curies":[{"name":"wp","href":"https:\/\/api.w.org\/{rel}","templated":true}]}}